{"id":16,"date":"2019-02-23T16:16:10","date_gmt":"2019-02-23T14:16:10","guid":{"rendered":"http:\/\/joykuoro.fi\/?page_id=16"},"modified":"2025-12-31T09:46:31","modified_gmt":"2025-12-31T07:46:31","slug":"ota-yhteytta","status":"publish","type":"page","link":"https:\/\/joykuoro.fi\/en\/ota-yhteytta\/","title":{"rendered":"Contact us"},"content":{"rendered":"<div data-elementor-type=\"wp-post\" data-elementor-id=\"16\" class=\"elementor elementor-16\">\n\t\t\t\t\t\t<section class=\"elementor-section elementor-top-section elementor-element elementor-element-c4e9d3a elementor-section-boxed elementor-section-height-default elementor-section-height-default\" data-id=\"c4e9d3a\" data-element_type=\"section\" data-e-type=\"section\">\n\t\t\t\t\t\t<div class=\"elementor-container elementor-column-gap-default\">\n\t\t\t\t\t<div class=\"elementor-column elementor-col-100 elementor-top-column elementor-element elementor-element-32d7e37\" data-id=\"32d7e37\" data-element_type=\"column\" data-e-type=\"column\">\n\t\t\t<div class=\"elementor-widget-wrap elementor-element-populated\">\n\t\t\t\t\t\t<div class=\"elementor-element elementor-element-176ce15 elementor-widget elementor-widget-spacer\" data-id=\"176ce15\" data-element_type=\"widget\" data-e-type=\"widget\" data-widget_type=\"spacer.default\">\n\t\t\t\t<div class=\"elementor-widget-container\">\n\t\t\t\t\t\t\t<div class=\"elementor-spacer\">\n\t\t\t<div class=\"elementor-spacer-inner\"><\/div>\n\t\t<\/div>\n\t\t\t\t\t\t<\/div>\n\t\t\t\t<\/div>\n\t\t\t\t<div class=\"elementor-element elementor-element-2acbcbb elementor-widget elementor-widget-heading\" data-id=\"2acbcbb\" data-element_type=\"widget\" data-e-type=\"widget\" data-widget_type=\"heading.default\">\n\t\t\t\t<div class=\"elementor-widget-container\">\n\t\t\t\t\t<h2 class=\"elementor-heading-title elementor-size-default\">Contact us<\/h2>\t\t\t\t<\/div>\n\t\t\t\t<\/div>\n\t\t\t\t<div class=\"elementor-element elementor-element-e21ed38 elementor-widget elementor-widget-spacer\" data-id=\"e21ed38\" data-element_type=\"widget\" data-e-type=\"widget\" data-widget_type=\"spacer.default\">\n\t\t\t\t<div class=\"elementor-widget-container\">\n\t\t\t\t\t\t\t<div class=\"elementor-spacer\">\n\t\t\t<div class=\"elementor-spacer-inner\"><\/div>\n\t\t<\/div>\n\t\t\t\t\t\t<\/div>\n\t\t\t\t<\/div>\n\t\t\t\t<div class=\"elementor-element elementor-element-93e0eb7 elementor-widget elementor-widget-text-editor\" data-id=\"93e0eb7\" data-element_type=\"widget\" data-e-type=\"widget\" data-widget_type=\"text-editor.default\">\n\t\t\t\t<div class=\"elementor-widget-container\">\n\t\t\t\t\t\t\t\t\t<p>Please send your inquiries regarding performances and gigs to us via email to the following address: <a href=\"mailto:uefkuorojoykeikat@gmail.com\">uefkuorojoykeikat(at)gmail.com<\/a>.<\/p>\t\t\t\t\t\t\t\t<\/div>\n\t\t\t\t<\/div>\n\t\t\t\t<div class=\"elementor-element elementor-element-352e744 elementor-widget elementor-widget-spacer\" data-id=\"352e744\" data-element_type=\"widget\" data-e-type=\"widget\" data-widget_type=\"spacer.default\">\n\t\t\t\t<div class=\"elementor-widget-container\">\n\t\t\t\t\t\t\t<div class=\"elementor-spacer\">\n\t\t\t<div class=\"elementor-spacer-inner\"><\/div>\n\t\t<\/div>\n\t\t\t\t\t\t<\/div>\n\t\t\t\t<\/div>\n\t\t\t\t<div class=\"elementor-element elementor-element-eff20c7 elementor-widget elementor-widget-lae-team-members\" data-id=\"eff20c7\" data-element_type=\"widget\" data-e-type=\"widget\" data-widget_type=\"lae-team-members.default\">\n\t\t\t\t<div class=\"elementor-widget-container\">\n\t\t\t\t\t\n\n<div        class=\"lae-team-members lae-team-members-style1 lae-uber-grid-container  lae-grid-auto-column-layout\" >\n\n    \n        \n        \n        \n<div class=\"lae-team-member-wrapper\">\n\n    \n    <div class=\"lae-team-member\" >\n\n        <div class=\"lae-image-wrapper\">\n\n            \n                \n                \n                    <a class=\"lae-image-link\" title=\"Joy-choir\" href=\"mailto:uefkuorojoy@gmail.com\"><img fetchpriority=\"high\" decoding=\"async\" width=\"256\" height=\"256\" src=\"https:\/\/joykuoro.fi\/wp-content\/uploads\/2023\/10\/free-mail.png\" class=\"lae-image attachment-full size-full\" alt=\"free-mail\" title=\"free-mail\" srcset=\"https:\/\/joykuoro.fi\/wp-content\/uploads\/2023\/10\/free-mail.png 256w, https:\/\/joykuoro.fi\/wp-content\/uploads\/2023\/10\/free-mail-150x150.png 150w, https:\/\/joykuoro.fi\/wp-content\/uploads\/2023\/10\/free-mail-12x12.png 12w\" sizes=\"(max-width: 256px) 100vw, 256px\" \/><\/a>\n\n                \n            \n            \n<div class=\"lae-social-wrap\">\n    <div class=\"lae-social-list\">\n\n                            <div class=\"lae-social-list-item\">\n                <a class=\"lae-email\" href=\"mailto:uefkuorojoy@gmail.com\"\n                   title=\"Send an email\">\n                    <i class=\"lae-icon-email\"><\/i>\n                <\/a>\n            <\/div>\n                \n        \n        \n        \n        \n        \n        \n    <\/div><!-- .lae-social-list -->\n<\/div><!-- .lae-social-wrap -->\n\n\n\n        <\/div><!-- .lae-image-wrapper -->\n\n        <div class=\"lae-team-member-text\">\n\n            \n            \n                <a class=\"lae-title-link\" title=\"Joy-choir\" href=\"mailto:uefkuorojoy@gmail.com\"><h3 class=\"lae-title\">Joy-choir<\/h3><\/a>\n\n            \n            <div class=\"lae-team-member-position\">\n\n                General email\n            <\/div>\n\n            <div class=\"lae-team-member-details\">\n\n                \n            <\/div>\n\n        <\/div><!-- .lae-team-member-text -->\n\n    <\/div><!-- .lae-team-member -->\n\n<\/div><!-- .lae-team-member-wrapper -->\n    \n        \n        \n        \n<div class=\"lae-team-member-wrapper\">\n\n    \n    <div class=\"lae-team-member\" >\n\n        <div class=\"lae-image-wrapper\">\n\n            \n                \n                \n                    <a class=\"lae-image-link\" title=\"Viivi Virta\" href=\"mailto:puheenjohtaja@joykuoro.fi\"><img fetchpriority=\"high\" decoding=\"async\" width=\"256\" height=\"256\" src=\"https:\/\/joykuoro.fi\/wp-content\/uploads\/2023\/10\/free-mail.png\" class=\"lae-image attachment-full size-full\" alt=\"free-mail\" title=\"free-mail\" srcset=\"https:\/\/joykuoro.fi\/wp-content\/uploads\/2023\/10\/free-mail.png 256w, https:\/\/joykuoro.fi\/wp-content\/uploads\/2023\/10\/free-mail-150x150.png 150w, https:\/\/joykuoro.fi\/wp-content\/uploads\/2023\/10\/free-mail-12x12.png 12w\" sizes=\"(max-width: 256px) 100vw, 256px\" \/><\/a>\n\n                \n            \n            \n<div class=\"lae-social-wrap\">\n    <div class=\"lae-social-list\">\n\n                            <div class=\"lae-social-list-item\">\n                <a class=\"lae-email\" href=\"mailto:puheenjohtaja@joykuoro.fi\"\n                   title=\"Send an email\">\n                    <i class=\"lae-icon-email\"><\/i>\n                <\/a>\n            <\/div>\n                \n        \n        \n        \n        \n        \n        \n    <\/div><!-- .lae-social-list -->\n<\/div><!-- .lae-social-wrap -->\n\n\n\n        <\/div><!-- .lae-image-wrapper -->\n\n        <div class=\"lae-team-member-text\">\n\n            \n            \n                <a class=\"lae-title-link\" title=\"Viivi Virta\" href=\"mailto:puheenjohtaja@joykuoro.fi\"><h3 class=\"lae-title\">Viivi Virta<\/h3><\/a>\n\n            \n            <div class=\"lae-team-member-position\">\n\n                Board chair\n            <\/div>\n\n            <div class=\"lae-team-member-details\">\n\n                \n            <\/div>\n\n        <\/div><!-- .lae-team-member-text -->\n\n    <\/div><!-- .lae-team-member -->\n\n<\/div><!-- .lae-team-member-wrapper -->\n    \n        \n        \n        \n<div class=\"lae-team-member-wrapper\">\n\n    \n    <div class=\"lae-team-member\" >\n\n        <div class=\"lae-image-wrapper\">\n\n            \n                \n                \n                    <a class=\"lae-image-link\" title=\"Matti Makkonen\" href=\"mailto:kuoronjohtajajoykuoro@gmail.com\"><img fetchpriority=\"high\" decoding=\"async\" width=\"256\" height=\"256\" src=\"https:\/\/joykuoro.fi\/wp-content\/uploads\/2023\/10\/free-mail.png\" class=\"lae-image attachment-full size-full\" alt=\"free-mail\" title=\"free-mail\" srcset=\"https:\/\/joykuoro.fi\/wp-content\/uploads\/2023\/10\/free-mail.png 256w, https:\/\/joykuoro.fi\/wp-content\/uploads\/2023\/10\/free-mail-150x150.png 150w, https:\/\/joykuoro.fi\/wp-content\/uploads\/2023\/10\/free-mail-12x12.png 12w\" sizes=\"(max-width: 256px) 100vw, 256px\" \/><\/a>\n\n                \n            \n            \n<div class=\"lae-social-wrap\">\n    <div class=\"lae-social-list\">\n\n                            <div class=\"lae-social-list-item\">\n                <a class=\"lae-email\" href=\"mailto:kuoronjohtajajoykuoro@gmail.com\"\n                   title=\"Send an email\">\n                    <i class=\"lae-icon-email\"><\/i>\n                <\/a>\n            <\/div>\n                \n        \n        \n        \n        \n        \n        \n    <\/div><!-- .lae-social-list -->\n<\/div><!-- .lae-social-wrap -->\n\n\n\n        <\/div><!-- .lae-image-wrapper -->\n\n        <div class=\"lae-team-member-text\">\n\n            \n            \n                <a class=\"lae-title-link\" title=\"Matti Makkonen\" href=\"mailto:kuoronjohtajajoykuoro@gmail.com\"><h3 class=\"lae-title\">Matti Makkonen<\/h3><\/a>\n\n            \n            <div class=\"lae-team-member-position\">\n\n                Director\n            <\/div>\n\n            <div class=\"lae-team-member-details\">\n\n                \n            <\/div>\n\n        <\/div><!-- .lae-team-member-text -->\n\n    <\/div><!-- .lae-team-member -->\n\n<\/div><!-- .lae-team-member-wrapper -->\n    \n        \n        \n        \n<div class=\"lae-team-member-wrapper\">\n\n    \n    <div class=\"lae-team-member\" >\n\n        <div class=\"lae-image-wrapper\">\n\n            \n                \n                \n                    <a class=\"lae-image-link\" title=\"Aava Kaskimaa\" href=\"mailto:rahastonhoitaja@joykuoro.fi\"><img fetchpriority=\"high\" decoding=\"async\" width=\"256\" height=\"256\" src=\"https:\/\/joykuoro.fi\/wp-content\/uploads\/2023\/10\/free-mail.png\" class=\"lae-image attachment-full size-full\" alt=\"free-mail\" title=\"free-mail\" srcset=\"https:\/\/joykuoro.fi\/wp-content\/uploads\/2023\/10\/free-mail.png 256w, https:\/\/joykuoro.fi\/wp-content\/uploads\/2023\/10\/free-mail-150x150.png 150w, https:\/\/joykuoro.fi\/wp-content\/uploads\/2023\/10\/free-mail-12x12.png 12w\" sizes=\"(max-width: 256px) 100vw, 256px\" \/><\/a>\n\n                \n            \n            \n<div class=\"lae-social-wrap\">\n    <div class=\"lae-social-list\">\n\n                            <div class=\"lae-social-list-item\">\n                <a class=\"lae-email\" href=\"mailto:rahastonhoitaja@joykuoro.fi\"\n                   title=\"Send an email\">\n                    <i class=\"lae-icon-email\"><\/i>\n                <\/a>\n            <\/div>\n                \n        \n        \n        \n        \n        \n        \n    <\/div><!-- .lae-social-list -->\n<\/div><!-- .lae-social-wrap -->\n\n\n\n        <\/div><!-- .lae-image-wrapper -->\n\n        <div class=\"lae-team-member-text\">\n\n            \n            \n                <a class=\"lae-title-link\" title=\"Aava Kaskimaa\" href=\"mailto:rahastonhoitaja@joykuoro.fi\"><h3 class=\"lae-title\">Aava Kaskimaa<\/h3><\/a>\n\n            \n            <div class=\"lae-team-member-position\">\n\n                Treasurer\n            <\/div>\n\n            <div class=\"lae-team-member-details\">\n\n                \n            <\/div>\n\n        <\/div><!-- .lae-team-member-text -->\n\n    <\/div><!-- .lae-team-member -->\n\n<\/div><!-- .lae-team-member-wrapper -->\n    \n        \n        \n        \n<div class=\"lae-team-member-wrapper\">\n\n    \n    <div class=\"lae-team-member\" >\n\n        <div class=\"lae-image-wrapper\">\n\n            \n                \n                \n                    <a class=\"lae-image-link\" title=\"Tiia Turunen\" href=\"mailto:titurunen@gmail.com\"><img fetchpriority=\"high\" decoding=\"async\" width=\"256\" height=\"256\" src=\"https:\/\/joykuoro.fi\/wp-content\/uploads\/2023\/10\/free-mail.png\" class=\"lae-image attachment-full size-full\" alt=\"free-mail\" title=\"free-mail\" srcset=\"https:\/\/joykuoro.fi\/wp-content\/uploads\/2023\/10\/free-mail.png 256w, https:\/\/joykuoro.fi\/wp-content\/uploads\/2023\/10\/free-mail-150x150.png 150w, https:\/\/joykuoro.fi\/wp-content\/uploads\/2023\/10\/free-mail-12x12.png 12w\" sizes=\"(max-width: 256px) 100vw, 256px\" \/><\/a>\n\n                \n            \n            \n<div class=\"lae-social-wrap\">\n    <div class=\"lae-social-list\">\n\n                            <div class=\"lae-social-list-item\">\n                <a class=\"lae-email\" href=\"mailto:titurunen@gmail.com\"\n                   title=\"Send an email\">\n                    <i class=\"lae-icon-email\"><\/i>\n                <\/a>\n            <\/div>\n                \n        \n        \n        \n        \n        \n        \n    <\/div><!-- .lae-social-list -->\n<\/div><!-- .lae-social-wrap -->\n\n\n\n        <\/div><!-- .lae-image-wrapper -->\n\n        <div class=\"lae-team-member-text\">\n\n            \n            \n                <a class=\"lae-title-link\" title=\"Tiia Turunen\" href=\"mailto:titurunen@gmail.com\"><h3 class=\"lae-title\">Tiia Turunen<\/h3><\/a>\n\n            \n            <div class=\"lae-team-member-position\">\n\n                Alumni activity\n            <\/div>\n\n            <div class=\"lae-team-member-details\">\n\n                050 3768679\n\n            <\/div>\n\n        <\/div><!-- .lae-team-member-text -->\n\n    <\/div><!-- .lae-team-member -->\n\n<\/div><!-- .lae-team-member-wrapper -->\n    \n        \n        \n        \n<div class=\"lae-team-member-wrapper\">\n\n    \n    <div class=\"lae-team-member\" >\n\n        <div class=\"lae-image-wrapper\">\n\n            \n                \n                \n                    <a class=\"lae-image-link\" title=\"Patrick J\u00e4rvelin\" href=\"mailto:pjarvelin@pm.me\"><img fetchpriority=\"high\" decoding=\"async\" width=\"256\" height=\"256\" src=\"https:\/\/joykuoro.fi\/wp-content\/uploads\/2023\/10\/free-mail.png\" class=\"lae-image attachment-full size-full\" alt=\"free-mail\" title=\"free-mail\" srcset=\"https:\/\/joykuoro.fi\/wp-content\/uploads\/2023\/10\/free-mail.png 256w, https:\/\/joykuoro.fi\/wp-content\/uploads\/2023\/10\/free-mail-150x150.png 150w, https:\/\/joykuoro.fi\/wp-content\/uploads\/2023\/10\/free-mail-12x12.png 12w\" sizes=\"(max-width: 256px) 100vw, 256px\" \/><\/a>\n\n                \n            \n            \n<div class=\"lae-social-wrap\">\n    <div class=\"lae-social-list\">\n\n                            <div class=\"lae-social-list-item\">\n                <a class=\"lae-email\" href=\"mailto:pjarvelin@pm.me\"\n                   title=\"Send an email\">\n                    <i class=\"lae-icon-email\"><\/i>\n                <\/a>\n            <\/div>\n                \n        \n        \n        \n        \n        \n        \n    <\/div><!-- .lae-social-list -->\n<\/div><!-- .lae-social-wrap -->\n\n\n\n        <\/div><!-- .lae-image-wrapper -->\n\n        <div class=\"lae-team-member-text\">\n\n            \n            \n                <a class=\"lae-title-link\" title=\"Patrick J\u00e4rvelin\" href=\"mailto:pjarvelin@pm.me\"><h3 class=\"lae-title\">Patrick J\u00e4rvelin<\/h3><\/a>\n\n            \n            <div class=\"lae-team-member-position\">\n\n                Webmaster\n            <\/div>\n\n            <div class=\"lae-team-member-details\">\n\n                \n            <\/div>\n\n        <\/div><!-- .lae-team-member-text -->\n\n    <\/div><!-- .lae-team-member -->\n\n<\/div><!-- .lae-team-member-wrapper -->\n    \n<\/div><!-- .lae-team-members -->\n\n<div class=\"lae-clear\"><\/div>\t\t\t\t<\/div>\n\t\t\t\t<\/div>\n\t\t\t\t\t<\/div>\n\t\t<\/div>\n\t\t\t\t\t<\/div>\n\t\t<\/section>\n\t\t\t\t<\/div>","protected":false},"excerpt":{"rendered":"<p>Ota yhteytt\u00e4 Esiintymisi\u00e4 sek\u00e4 keikkoja koskevat tiedustelut vastaanotamme s\u00e4hk\u00f6postilla osoitteeseen: uefkuorojoykeikat(at)gmail.com. Joy-kuoro Yleinen s\u00e4hk\u00f6posti Viivi Virta Hallituksen Puheenjohtaja Matti Makkonen Taiteellinen johtaja Aava Kaskimaa Rahastonhoitaja&hellip;<\/p>","protected":false},"author":1,"featured_media":0,"parent":0,"menu_order":0,"comment_status":"closed","ping_status":"closed","template":"","meta":{"footnotes":""},"class_list":["post-16","page","type-page","status-publish","hentry"],"_links":{"self":[{"href":"https:\/\/joykuoro.fi\/en\/wp-json\/wp\/v2\/pages\/16","targetHints":{"allow":["GET"]}}],"collection":[{"href":"https:\/\/joykuoro.fi\/en\/wp-json\/wp\/v2\/pages"}],"about":[{"href":"https:\/\/joykuoro.fi\/en\/wp-json\/wp\/v2\/types\/page"}],"author":[{"embeddable":true,"href":"https:\/\/joykuoro.fi\/en\/wp-json\/wp\/v2\/users\/1"}],"replies":[{"embeddable":true,"href":"https:\/\/joykuoro.fi\/en\/wp-json\/wp\/v2\/comments?post=16"}],"version-history":[{"count":106,"href":"https:\/\/joykuoro.fi\/en\/wp-json\/wp\/v2\/pages\/16\/revisions"}],"predecessor-version":[{"id":1359,"href":"https:\/\/joykuoro.fi\/en\/wp-json\/wp\/v2\/pages\/16\/revisions\/1359"}],"wp:attachment":[{"href":"https:\/\/joykuoro.fi\/en\/wp-json\/wp\/v2\/media?parent=16"}],"curies":[{"name":"wp","href":"https:\/\/api.w.org\/{rel}","templated":true}]}}