{"id":6,"date":"2019-02-23T16:14:01","date_gmt":"2019-02-23T14:14:01","guid":{"rendered":"http:\/\/joykuoro.fi\/?page_id=6"},"modified":"2026-03-17T20:09:32","modified_gmt":"2026-03-17T18:09:32","slug":"etusivu","status":"publish","type":"page","link":"https:\/\/joykuoro.fi\/en\/","title":{"rendered":"Front page"},"content":{"rendered":"<div data-elementor-type=\"wp-post\" data-elementor-id=\"6\" class=\"elementor elementor-6\">\n\t\t\t\t\t\t<section class=\"elementor-section elementor-top-section elementor-element elementor-element-42a501f elementor-section-stretched elementor-section-boxed elementor-section-height-default elementor-section-height-default\" data-id=\"42a501f\" data-element_type=\"section\" data-e-type=\"section\" data-settings=\"{&quot;stretch_section&quot;:&quot;section-stretched&quot;,&quot;background_background&quot;:&quot;classic&quot;}\">\n\t\t\t\t\t\t\t<div class=\"elementor-background-overlay\"><\/div>\n\t\t\t\t\t\t\t<div class=\"elementor-container elementor-column-gap-default\">\n\t\t\t\t\t<div class=\"elementor-column elementor-col-100 elementor-top-column elementor-element elementor-element-4d10127\" data-id=\"4d10127\" data-element_type=\"column\" data-e-type=\"column\">\n\t\t\t<div class=\"elementor-widget-wrap elementor-element-populated\">\n\t\t\t\t\t\t<div class=\"elementor-element elementor-element-40a7d96 elementor-widget-divider--view-line elementor-widget elementor-widget-divider\" data-id=\"40a7d96\" data-element_type=\"widget\" data-e-type=\"widget\" data-widget_type=\"divider.default\">\n\t\t\t\t<div class=\"elementor-widget-container\">\n\t\t\t\t\t\t\t<div class=\"elementor-divider\">\n\t\t\t<span class=\"elementor-divider-separator\">\n\t\t\t\t\t\t<\/span>\n\t\t<\/div>\n\t\t\t\t\t\t<\/div>\n\t\t\t\t<\/div>\n\t\t\t\t\t<\/div>\n\t\t<\/div>\n\t\t\t\t\t<\/div>\n\t\t<\/section>\n\t\t\t\t<section class=\"elementor-section elementor-top-section elementor-element elementor-element-fddc9d4 elementor-section-boxed elementor-section-height-default elementor-section-height-default\" data-id=\"fddc9d4\" data-element_type=\"section\" data-e-type=\"section\">\n\t\t\t\t\t\t<div class=\"elementor-container elementor-column-gap-default\">\n\t\t\t\t\t<div class=\"elementor-column elementor-col-50 elementor-top-column elementor-element elementor-element-b6c7156\" data-id=\"b6c7156\" data-element_type=\"column\" data-e-type=\"column\">\n\t\t\t<div class=\"elementor-widget-wrap elementor-element-populated\">\n\t\t\t\t\t\t<div class=\"elementor-element elementor-element-4d6cb6b elementor-widget elementor-widget-heading\" data-id=\"4d6cb6b\" data-element_type=\"widget\" data-e-type=\"widget\" data-widget_type=\"heading.default\">\n\t\t\t\t<div class=\"elementor-widget-container\">\n\t\t\t\t\t<h3 class=\"elementor-heading-title elementor-size-default\">IT\u00c4-SUOMEN YLIOPISTON KUORO<\/h3>\t\t\t\t<\/div>\n\t\t\t\t<\/div>\n\t\t\t\t<div class=\"elementor-element elementor-element-aa2c8c3 elementor-widget elementor-widget-heading\" data-id=\"aa2c8c3\" data-element_type=\"widget\" data-e-type=\"widget\" data-widget_type=\"heading.default\">\n\t\t\t\t<div class=\"elementor-widget-container\">\n\t\t\t\t\t<h1 class=\"elementor-heading-title elementor-size-xxl\">JOY<\/h1>\t\t\t\t<\/div>\n\t\t\t\t<\/div>\n\t\t\t\t\t<\/div>\n\t\t<\/div>\n\t\t\t\t<div class=\"elementor-column elementor-col-50 elementor-top-column elementor-element elementor-element-eb3c88c\" data-id=\"eb3c88c\" data-element_type=\"column\" data-e-type=\"column\">\n\t\t\t<div class=\"elementor-widget-wrap elementor-element-populated\">\n\t\t\t\t\t\t<div class=\"elementor-element elementor-element-c160d9e elementor-widget elementor-widget-heading\" data-id=\"c160d9e\" data-element_type=\"widget\" data-e-type=\"widget\" data-widget_type=\"heading.default\">\n\t\t\t\t<div class=\"elementor-widget-container\">\n\t\t\t\t\t<h2 class=\"elementor-heading-title elementor-size-default\">Youthful and actively performing student choir from Joensuu.<\/h2>\t\t\t\t<\/div>\n\t\t\t\t<\/div>\n\t\t\t\t<div class=\"elementor-element elementor-element-4abbcd5 elementor-widget elementor-widget-text-editor\" data-id=\"4abbcd5\" data-element_type=\"widget\" data-e-type=\"widget\" data-widget_type=\"text-editor.default\">\n\t\t\t\t<div class=\"elementor-widget-container\">\n\t\t\t\t\t\t\t\t\t<p style=\"text-align: left;\"><span style=\"color: #ffffff;\">The choir is the official choir of University of Eastern Finland and known for its first-rate and energetic performances.<\/span><\/p>\t\t\t\t\t\t\t\t<\/div>\n\t\t\t\t<\/div>\n\t\t\t\t\t<\/div>\n\t\t<\/div>\n\t\t\t\t\t<\/div>\n\t\t<\/section>\n\t\t\t\t<section class=\"elementor-section elementor-top-section elementor-element elementor-element-d0ad967 elementor-section-boxed elementor-section-height-default elementor-section-height-default\" data-id=\"d0ad967\" data-element_type=\"section\" data-e-type=\"section\">\n\t\t\t\t\t\t<div class=\"elementor-container elementor-column-gap-default\">\n\t\t\t\t\t<div class=\"elementor-column elementor-col-100 elementor-top-column elementor-element elementor-element-2732374\" data-id=\"2732374\" data-element_type=\"column\" data-e-type=\"column\">\n\t\t\t<div class=\"elementor-widget-wrap elementor-element-populated\">\n\t\t\t\t\t\t<div class=\"elementor-element elementor-element-3e5068e elementor-widget-divider--view-line elementor-widget elementor-widget-divider\" data-id=\"3e5068e\" data-element_type=\"widget\" data-e-type=\"widget\" data-widget_type=\"divider.default\">\n\t\t\t\t<div class=\"elementor-widget-container\">\n\t\t\t\t\t\t\t<div class=\"elementor-divider\">\n\t\t\t<span class=\"elementor-divider-separator\">\n\t\t\t\t\t\t<\/span>\n\t\t<\/div>\n\t\t\t\t\t\t<\/div>\n\t\t\t\t<\/div>\n\t\t\t\t\t<\/div>\n\t\t<\/div>\n\t\t\t\t\t<\/div>\n\t\t<\/section>\n\t\t\t\t<section class=\"elementor-section elementor-top-section elementor-element elementor-element-f7db998 elementor-section-boxed elementor-section-height-default elementor-section-height-default\" data-id=\"f7db998\" data-element_type=\"section\" data-e-type=\"section\" data-settings=\"{&quot;background_background&quot;:&quot;classic&quot;}\">\n\t\t\t\t\t\t<div class=\"elementor-container elementor-column-gap-default\">\n\t\t\t\t\t<div class=\"elementor-column elementor-col-100 elementor-top-column elementor-element elementor-element-54da873\" data-id=\"54da873\" data-element_type=\"column\" data-e-type=\"column\">\n\t\t\t<div class=\"elementor-widget-wrap elementor-element-populated\">\n\t\t\t\t\t\t<div class=\"elementor-element elementor-element-123583d premium-blog-align-left elementor-widget elementor-widget-premium-addon-blog\" data-id=\"123583d\" data-element_type=\"widget\" data-e-type=\"widget\" data-widget_type=\"premium-addon-blog.default\">\n\t\t\t\t<div class=\"elementor-widget-container\">\n\t\t\t\t\t\n\t\t\n\n\t\t\t\t<div class=\"premium-blog-wrap  premium-blog-list\" data-page=\"6\">\n\t\t\t\t\t\t\t\t\t<div class=\"premium-blog-post-outer-container\" data-total=\"17\">\n\t\t\t<div class=\"premium-blog-post-container premium-blog-skin-modern\">\n\t\t\t\t\t\t\t\t\t\t\t\t<div class=\"premium-blog-content-wrapper empty-thumb\">\n\n\t\t\t\t\t<div class=\"premium-blog-inner-container\">\n\n\t\t\t\t\t\t\t\t\t\t\t\t\t\t<h2 class=\"premium-blog-entry-title\">\n\t\t\t<a href=\"https:\/\/joykuoro.fi\/en\/kun-ulkona-laulaa-jaateloauto\/\" target=\"_self\">\n\t\t\t\tKun ulkona laulaa j\u00e4\u00e4tel\u00f6auto\t\t\t<\/a>\n\t\t<\/h2>\n\t\t\t\t<div class=\"premium-blog-entry-meta\">\n\t\t\t\t\t\t\t<div class=\"premium-blog-post-author premium-blog-meta-data\">\n\t\t\t\t\t<i class=\"fa fa-user fa-fw\" aria-hidden=\"true\"><\/i>\n\t\t\t\t\t<a href=\"https:\/\/joykuoro.fi\/en\/author\/joy\/\" title=\"Posts by Joy\" rel=\"author\">Joy<\/a>\t\t\t\t<\/div>\n\t\t\t\n\t\t\t\t\t\t\t<span class=\"premium-blog-meta-separator\">\u2022<\/span>\n\t\t\t\t<div class=\"premium-blog-post-time premium-blog-meta-data\">\n\t\t\t\t\t<i class=\"fa fa-calendar-alt\" aria-hidden=\"true\"><\/i>\n\t\t\t\t\t<span>17.3.2026<\/span>\n\t\t\t\t<\/div>\n\t\t\t\n\t\t\t\n\t\t\t\t\t<\/div>\n\t\t\n\t\t\t\t\t<\/div>\n\n\t\t\t\t\t\t\t<div class=\"premium-blog-content-inner-wrapper\">\n\t\t\n<p>Joy Choir presents: When the Ice Cream Van Sings Outside&nbsp;<br>The University of Eastern Finland\u2019s representative choir Joy will perform at Carelia Hall in Joensuu on Tuesday 21 April 2026 at 19:00.&nbsp;<\/p>\n\n\n\n<p>The spring concert offers a fresh and diverse selection of Finnish choral music. The programme features the delicate and poetic compositions of Kaj and Jussi Chydenius, as well as beloved songs by Ultra Bra in choral arrangements.&nbsp;<\/p>\n\n\n\n<p>Joy Choir Spring Concert \u2013 When the Ice Cream Van Sings Outside&nbsp;<br>Tue 21 April 2026 at 19:00&nbsp;<br>Carelia Hall, Joensuu, The same concert will also be performed at Kiteesali in Kitee on Thursday, April 16.&nbsp;<\/p>\n\n\n\n<p>JOY \u2013 The Representative Choir of the University of Eastern Finland\u00a0<br>Conductor: Matti Makkonen\u00a0<br>Piano: Fanni Linjama\u00a0<br>Duration: approximately 1 hour (no intermission)\u00a0<\/p>\n\n\n\n<p>Tickets <br>Adults: \u20ac13 in advance \/ \u20ac15 at the door\u00a0<br>Students: \u20ac5 in advance \/ \u20ac7 at the door\u00a0<br>Under 18: free admission\u00a0<\/p>\n\n\n\n<p>Advance tickets: <a href=\"https:\/\/holvi.com\/shop\/joykauppa\/\">https:\/\/holvi.com\/shop\/joykauppa\/<\/a><\/p>\n\n\n\n<figure class=\"wp-block-image size-large\"><img fetchpriority=\"high\" decoding=\"async\" width=\"725\" height=\"1024\" src=\"https:\/\/joykuoro.fi\/wp-content\/uploads\/2026\/03\/joy-kevatkonsertti-2026-725x1024.png\" alt=\"\" class=\"wp-image-1390\" srcset=\"https:\/\/joykuoro.fi\/wp-content\/uploads\/2026\/03\/joy-kevatkonsertti-2026-725x1024.png 725w, https:\/\/joykuoro.fi\/wp-content\/uploads\/2026\/03\/joy-kevatkonsertti-2026-212x300.png 212w, https:\/\/joykuoro.fi\/wp-content\/uploads\/2026\/03\/joy-kevatkonsertti-2026-768x1085.png 768w, https:\/\/joykuoro.fi\/wp-content\/uploads\/2026\/03\/joy-kevatkonsertti-2026-8x12.png 8w, https:\/\/joykuoro.fi\/wp-content\/uploads\/2026\/03\/joy-kevatkonsertti-2026.png 842w\" sizes=\"(max-width: 725px) 100vw, 725px\" \/><\/figure>\n\t\t<\/div>\n\t\t\t\t\t\t\t\n\t\t\t\t<\/div>\n\t\t\t<\/div>\n\t\t<\/div>\n\n\t\t\t\t\t\t\t<\/div>\n\n\t\t\n\t\t\n\t\t\t\t\t\t<\/div>\n\t\t\t\t<\/div>\n\t\t\t\t\t<\/div>\n\t\t<\/div>\n\t\t\t\t\t<\/div>\n\t\t<\/section>\n\t\t\t\t<section class=\"elementor-section elementor-top-section elementor-element elementor-element-0efd1df elementor-section-boxed elementor-section-height-default elementor-section-height-default\" data-id=\"0efd1df\" data-element_type=\"section\" data-e-type=\"section\" data-settings=\"{&quot;background_background&quot;:&quot;classic&quot;}\">\n\t\t\t\t\t\t<div class=\"elementor-container elementor-column-gap-default\">\n\t\t\t\t\t<div class=\"elementor-column elementor-col-100 elementor-top-column elementor-element elementor-element-c914561\" data-id=\"c914561\" data-element_type=\"column\" data-e-type=\"column\">\n\t\t\t<div class=\"elementor-widget-wrap elementor-element-populated\">\n\t\t\t\t\t\t<div class=\"elementor-element elementor-element-a27f693 elementor-widget elementor-widget-heading\" data-id=\"a27f693\" data-element_type=\"widget\" data-e-type=\"widget\" data-widget_type=\"heading.default\">\n\t\t\t\t<div class=\"elementor-widget-container\">\n\t\t\t\t\t<h3 class=\"elementor-heading-title elementor-size-default\"><a href=\"https:\/\/joykuoro.fi\/en\/ota-yhteytta\/\">Commission us for a performance!<\/a><\/h3>\t\t\t\t<\/div>\n\t\t\t\t<\/div>\n\t\t\t\t\t<\/div>\n\t\t<\/div>\n\t\t\t\t\t<\/div>\n\t\t<\/section>\n\t\t\t\t<section class=\"elementor-section elementor-top-section elementor-element elementor-element-ce3a045 elementor-section-stretched elementor-section-full_width elementor-section-height-default elementor-section-height-default\" data-id=\"ce3a045\" data-element_type=\"section\" data-e-type=\"section\" data-settings=\"{&quot;background_background&quot;:&quot;classic&quot;,&quot;stretch_section&quot;:&quot;section-stretched&quot;}\">\n\t\t\t\t\t\t<div class=\"elementor-container elementor-column-gap-default\">\n\t\t\t\t\t<div class=\"elementor-column elementor-col-100 elementor-top-column elementor-element elementor-element-af64796\" data-id=\"af64796\" data-element_type=\"column\" data-e-type=\"column\">\n\t\t\t<div class=\"elementor-widget-wrap elementor-element-populated\">\n\t\t\t\t\t\t<div class=\"elementor-element elementor-element-aed4567 elementor-widget elementor-widget-spacer\" data-id=\"aed4567\" data-element_type=\"widget\" data-e-type=\"widget\" data-widget_type=\"spacer.default\">\n\t\t\t\t<div class=\"elementor-widget-container\">\n\t\t\t\t\t\t\t<div class=\"elementor-spacer\">\n\t\t\t<div class=\"elementor-spacer-inner\"><\/div>\n\t\t<\/div>\n\t\t\t\t\t\t<\/div>\n\t\t\t\t<\/div>\n\t\t\t\t\t<\/div>\n\t\t<\/div>\n\t\t\t\t\t<\/div>\n\t\t<\/section>\n\t\t\t\t<\/div>","protected":false},"excerpt":{"rendered":"<p>IT\u00c4-SUOMEN YLIOPISTON KUORO JOY Nuorekas aktiivisesti keikkaileva opiskelijakuoro Joensuusta. Kuoro toimii It\u00e4-Suomen Yliopiston edustuskuorona, ja on tunnettu laadukkaasta ja energisest\u00e4 esiintymisest\u00e4\u00e4n. Kun ulkona laulaa j\u00e4\u00e4tel\u00f6auto&hellip;<\/p>","protected":false},"author":1,"featured_media":0,"parent":0,"menu_order":0,"comment_status":"closed","ping_status":"closed","template":"","meta":{"footnotes":""},"class_list":["post-6","page","type-page","status-publish","hentry"],"_links":{"self":[{"href":"https:\/\/joykuoro.fi\/en\/wp-json\/wp\/v2\/pages\/6","targetHints":{"allow":["GET"]}}],"collection":[{"href":"https:\/\/joykuoro.fi\/en\/wp-json\/wp\/v2\/pages"}],"about":[{"href":"https:\/\/joykuoro.fi\/en\/wp-json\/wp\/v2\/types\/page"}],"author":[{"embeddable":true,"href":"https:\/\/joykuoro.fi\/en\/wp-json\/wp\/v2\/users\/1"}],"replies":[{"embeddable":true,"href":"https:\/\/joykuoro.fi\/en\/wp-json\/wp\/v2\/comments?post=6"}],"version-history":[{"count":346,"href":"https:\/\/joykuoro.fi\/en\/wp-json\/wp\/v2\/pages\/6\/revisions"}],"predecessor-version":[{"id":1395,"href":"https:\/\/joykuoro.fi\/en\/wp-json\/wp\/v2\/pages\/6\/revisions\/1395"}],"wp:attachment":[{"href":"https:\/\/joykuoro.fi\/en\/wp-json\/wp\/v2\/media?parent=6"}],"curies":[{"name":"wp","href":"https:\/\/api.w.org\/{rel}","templated":true}]}}